{"id":6648,"date":"2024-01-22T14:49:09","date_gmt":"2024-01-22T13:49:09","guid":{"rendered":"https:\/\/www.faster.cz\/faster-3-0\/"},"modified":"2025-01-29T12:16:53","modified_gmt":"2025-01-29T11:16:53","slug":"faster-3-0","status":"publish","type":"page","link":"https:\/\/www.faster.cz\/en\/faster-3-0\/","title":{"rendered":"FASTER_3.0"},"content":{"rendered":"\n<p>The slogan <strong>FASTER_3.0<\/strong> was created spontaneously, as is generally the case with most interesting projects. At one of the meetings our marketer brought the idea of <strong>versioning<\/strong>, which is common in the IT world, and wanted to use it to materialize the <strong>new generation<\/strong> of the company. <em>The management appreciated the idea and took it to a genius level: &#8220;Let&#8217;s jump straight to three!&#8221; It was easy to say. So we laughed and continued brainstorming. &#8220;Hmm, we&#8217;re building a third datacenter next year!&#8221; and the team discussion continued\u2026 &#8220;Plus, we&#8217;re celebrating 30 years since our founding.&#8221; Great timing, I&#8217;m sure we&#8217;ll come up with other connections.<\/em> Sometimes you don&#8217;t see into the future and you only appreciate the links to an idea as time goes on.<\/p>\n\n\n\n<h2 class=\"wp-block-heading\">The year 2023 meant 3 big news for us<\/h2>\n\n\n<div class=\"achnor\" id=\"\"><\/div>\r\n<div class=\"item-more-block sortiment-block item-more-block-right\">\r\n\r\n\r\n\r\n    <div class=\"item-more-block__pic\">\r\n                <a  data-lightbox=\"post-image\" href=\"https:\/\/www.faster.cz\/wp-content\/uploads\/2024\/02\/kveten_23-840x560.webp\" data-lightbox=\"post-image\" data-title=\"\"<\/a>\r\n            \r\n                        <img decoding=\"async\" width=\"420\" height=\"280\" src=\"https:\/\/www.faster.cz\/wp-content\/uploads\/2024\/02\/kveten_23-420x280.webp\" class=\"img-responsive\" alt=\"\" loading=\"lazy\" srcset=\"https:\/\/www.faster.cz\/wp-content\/uploads\/2024\/02\/kveten_23-420x280.webp 420w, https:\/\/www.faster.cz\/wp-content\/uploads\/2024\/02\/kveten_23-300x200.webp 300w, https:\/\/www.faster.cz\/wp-content\/uploads\/2024\/02\/kveten_23-768x512.webp 768w, https:\/\/www.faster.cz\/wp-content\/uploads\/2024\/02\/kveten_23-840x560.webp 840w, https:\/\/www.faster.cz\/wp-content\/uploads\/2024\/02\/kveten_23-150x100.webp 150w, https:\/\/www.faster.cz\/wp-content\/uploads\/2024\/02\/kveten_23.webp 1000w\" sizes=\"auto, (max-width: 420px) 100vw, 420px\" \/>            \r\n                    <\/a>\r\n        <\/div>\r\n\r\n    <div class=\"item-more-block__text\">\r\n        <h2><\/h2>\r\n        <div class=\"text-content\"><p><strong>In May 2023<\/strong>, we <strong>expanded our cybersecurity portfolio<\/strong> and set up the product in accordance with NCIS standards. We have priced logical service sets as well as individual parts to meet individual customer needs.<\/p>\n<\/div>\r\n    <\/div>\r\n\r\n<\/div>\n\n<div class=\"achnor\" id=\"\"><\/div>\r\n<div class=\"item-more-block sortiment-block item-more-block-left\">\r\n\r\n\r\n\r\n    <div class=\"item-more-block__pic\">\r\n                <a  data-lightbox=\"post-image\" href=\"https:\/\/www.faster.cz\/wp-content\/uploads\/2024\/02\/rijen_23-840x560.webp\" data-lightbox=\"post-image\" data-title=\"\"<\/a>\r\n            \r\n                        <img decoding=\"async\" width=\"420\" height=\"280\" src=\"https:\/\/www.faster.cz\/wp-content\/uploads\/2024\/02\/rijen_23-420x280.webp\" class=\"img-responsive\" alt=\"\" loading=\"lazy\" srcset=\"https:\/\/www.faster.cz\/wp-content\/uploads\/2024\/02\/rijen_23-420x280.webp 420w, https:\/\/www.faster.cz\/wp-content\/uploads\/2024\/02\/rijen_23-300x200.webp 300w, https:\/\/www.faster.cz\/wp-content\/uploads\/2024\/02\/rijen_23-768x512.webp 768w, https:\/\/www.faster.cz\/wp-content\/uploads\/2024\/02\/rijen_23-840x560.webp 840w, https:\/\/www.faster.cz\/wp-content\/uploads\/2024\/02\/rijen_23-150x100.webp 150w, https:\/\/www.faster.cz\/wp-content\/uploads\/2024\/02\/rijen_23.webp 1000w\" sizes=\"auto, (max-width: 420px) 100vw, 420px\" \/>            \r\n                    <\/a>\r\n        <\/div>\r\n\r\n    <div class=\"item-more-block__text\">\r\n        <h2><\/h2>\r\n        <div class=\"text-content\"><p><strong>In October 2023<\/strong>, we launched <strong>cyber breakfasts for business partners<\/strong> to train and prepare everyone for the NIS2 directive, to update them on the latest developments in cyber attacks, to focus on threat prevention and effective defence, including practical examples.<\/p>\n<\/div>\r\n    <\/div>\r\n\r\n<\/div>\n\n<div class=\"achnor\" id=\"\"><\/div>\r\n<div class=\"item-more-block sortiment-block item-more-block-right\">\r\n\r\n\r\n\r\n    <div class=\"item-more-block__pic\">\r\n                <a  data-lightbox=\"post-image\" href=\"https:\/\/www.faster.cz\/wp-content\/uploads\/2024\/02\/listopad_23-840x560.webp\" data-lightbox=\"post-image\" data-title=\"\"<\/a>\r\n            \r\n                        <img decoding=\"async\" width=\"420\" height=\"280\" src=\"https:\/\/www.faster.cz\/wp-content\/uploads\/2024\/02\/listopad_23-420x280.webp\" class=\"img-responsive\" alt=\"\" loading=\"lazy\" srcset=\"https:\/\/www.faster.cz\/wp-content\/uploads\/2024\/02\/listopad_23-420x280.webp 420w, https:\/\/www.faster.cz\/wp-content\/uploads\/2024\/02\/listopad_23-300x200.webp 300w, https:\/\/www.faster.cz\/wp-content\/uploads\/2024\/02\/listopad_23-768x512.webp 768w, https:\/\/www.faster.cz\/wp-content\/uploads\/2024\/02\/listopad_23-840x560.webp 840w, https:\/\/www.faster.cz\/wp-content\/uploads\/2024\/02\/listopad_23-150x100.webp 150w, https:\/\/www.faster.cz\/wp-content\/uploads\/2024\/02\/listopad_23.webp 1000w\" sizes=\"auto, (max-width: 420px) 100vw, 420px\" \/>            \r\n                    <\/a>\r\n        <\/div>\r\n\r\n    <div class=\"item-more-block__text\">\r\n        <h2><\/h2>\r\n        <div class=\"text-content\"><p><strong>In November 2023<\/strong>, we launched a <strong>new customer portal<\/strong>, which not only changed its design and user-friendliness, but compared to the previous version, it can be logged in using OTP and offers customers an overview of purchased services (internet connections, VoIP portal) for billing. And further development of the portal is in process.<\/p>\n<\/div>\r\n    <\/div>\r\n\r\n<\/div>\n\n\n<p><\/p>\n\n\n\n<p><\/p>\n\n\n\n<h2 class=\"wp-block-heading\">In 2024, we are graduating with news<\/h2>\n\n\n<div class=\"achnor\" id=\"\"><\/div>\r\n<div class=\"item-more-block sortiment-block item-more-block-left\">\r\n\r\n\r\n\r\n    <div class=\"item-more-block__pic\">\r\n                <a  data-lightbox=\"post-image\" href=\"https:\/\/www.faster.cz\/wp-content\/uploads\/2024\/02\/telegraf-840x560.webp\" data-lightbox=\"post-image\" data-title=\"\"<\/a>\r\n            \r\n                        <img decoding=\"async\" width=\"420\" height=\"280\" src=\"https:\/\/www.faster.cz\/wp-content\/uploads\/2024\/02\/telegraf-420x280.webp\" class=\"img-responsive\" alt=\"\" loading=\"lazy\" srcset=\"https:\/\/www.faster.cz\/wp-content\/uploads\/2024\/02\/telegraf-420x280.webp 420w, https:\/\/www.faster.cz\/wp-content\/uploads\/2024\/02\/telegraf-300x200.webp 300w, https:\/\/www.faster.cz\/wp-content\/uploads\/2024\/02\/telegraf-768x512.webp 768w, https:\/\/www.faster.cz\/wp-content\/uploads\/2024\/02\/telegraf-840x560.webp 840w, https:\/\/www.faster.cz\/wp-content\/uploads\/2024\/02\/telegraf-150x100.webp 150w, https:\/\/www.faster.cz\/wp-content\/uploads\/2024\/02\/telegraf.webp 1000w\" sizes=\"auto, (max-width: 420px) 100vw, 420px\" \/>            \r\n                    <\/a>\r\n        <\/div>\r\n\r\n    <div class=\"item-more-block__text\">\r\n        <h2><\/h2>\r\n        <div class=\"text-content\"><p>The <strong>optical telegraph<\/strong> is known already in ancient times. Its semaphore form was developed in 1792 by Claude Chappe. This system of towers was historically used for long-distance communication, linking cities with their stations. So why mention it? Everyone in Faster loves the charm of yesteryear while also using modern technology. We&#8217;re kissed by a Buick Elektra or a Mazda MX5, often nostalgic and fond of reminiscing about the old days. So why shouldn&#8217;t this passion for history and technological evolution seep into our service presentation? Communication and the flow of data has come a huge way and we want to be a vehicle for this exceptional progress.<\/p>\n<\/div>\r\n    <\/div>\r\n\r\n<\/div>\n\n<div class=\"achnor\" id=\"\"><\/div>\r\n<div class=\"item-more-block sortiment-block item-more-block-right\">\r\n\r\n\r\n\r\n    <div class=\"item-more-block__pic\">\r\n                <a  data-lightbox=\"post-image\" href=\"https:\/\/www.faster.cz\/wp-content\/uploads\/2024\/02\/unor_24-840x560.webp\" data-lightbox=\"post-image\" data-title=\"\"<\/a>\r\n            \r\n                        <img decoding=\"async\" width=\"420\" height=\"280\" src=\"https:\/\/www.faster.cz\/wp-content\/uploads\/2024\/02\/unor_24-420x280.webp\" class=\"img-responsive\" alt=\"\" loading=\"lazy\" srcset=\"https:\/\/www.faster.cz\/wp-content\/uploads\/2024\/02\/unor_24-420x280.webp 420w, https:\/\/www.faster.cz\/wp-content\/uploads\/2024\/02\/unor_24-300x200.webp 300w, https:\/\/www.faster.cz\/wp-content\/uploads\/2024\/02\/unor_24-768x512.webp 768w, https:\/\/www.faster.cz\/wp-content\/uploads\/2024\/02\/unor_24-840x560.webp 840w, https:\/\/www.faster.cz\/wp-content\/uploads\/2024\/02\/unor_24-150x100.webp 150w, https:\/\/www.faster.cz\/wp-content\/uploads\/2024\/02\/unor_24.webp 1000w\" sizes=\"auto, (max-width: 420px) 100vw, 420px\" \/>            \r\n                    <\/a>\r\n        <\/div>\r\n\r\n    <div class=\"item-more-block__text\">\r\n        <h2><\/h2>\r\n        <div class=\"text-content\"><p><strong>In February 2024<\/strong>, we are growing and we are building a <strong>third data centre<\/strong> (DC III) on Jarn\u00ed Street in Brno, because we have more and more customers and we want to offer them exclusive spaces for technology and services. The study of the entire project is a long-term process and Faster is upgrading to faster_3.0 this year.<\/p>\n<\/div>\r\n    <\/div>\r\n\r\n<\/div>\n\n<div class=\"achnor\" id=\"\"><\/div>\r\n<div class=\"item-more-block sortiment-block item-more-block-left\">\r\n\r\n\r\n\r\n    <div class=\"item-more-block__pic\">\r\n                <a  data-lightbox=\"post-image\" href=\"https:\/\/www.faster.cz\/wp-content\/uploads\/2024\/03\/leden_24-2-840x560.webp\" data-lightbox=\"post-image\" data-title=\"\"<\/a>\r\n            \r\n                        <img decoding=\"async\" width=\"420\" height=\"280\" src=\"https:\/\/www.faster.cz\/wp-content\/uploads\/2024\/03\/leden_24-2-420x280.webp\" class=\"img-responsive\" alt=\"\" loading=\"lazy\" srcset=\"https:\/\/www.faster.cz\/wp-content\/uploads\/2024\/03\/leden_24-2-420x280.webp 420w, https:\/\/www.faster.cz\/wp-content\/uploads\/2024\/03\/leden_24-2-300x200.webp 300w, https:\/\/www.faster.cz\/wp-content\/uploads\/2024\/03\/leden_24-2-768x512.webp 768w, https:\/\/www.faster.cz\/wp-content\/uploads\/2024\/03\/leden_24-2-840x560.webp 840w, https:\/\/www.faster.cz\/wp-content\/uploads\/2024\/03\/leden_24-2-150x100.webp 150w, https:\/\/www.faster.cz\/wp-content\/uploads\/2024\/03\/leden_24-2.webp 1000w\" sizes=\"auto, (max-width: 420px) 100vw, 420px\" \/>            \r\n                    <\/a>\r\n        <\/div>\r\n\r\n    <div class=\"item-more-block__text\">\r\n        <h2><\/h2>\r\n        <div class=\"text-content\"><p><strong>In March 2024<\/strong>, we are finalizing a <strong>new website<\/strong> whose greatest value is the backend. Visitors will appreciate the innovative design, which links history with the present and offers a clearer presentation of our services. We&#8217;ve dug into history and connected it to the present as a thank you for this amazing telecommunications journey.<\/p>\n<\/div>\r\n    <\/div>\r\n\r\n<\/div>\n\n<div class=\"achnor\" id=\"\"><\/div>\r\n<div class=\"item-more-block sortiment-block item-more-block-right\">\r\n\r\n\r\n\r\n    <div class=\"item-more-block__pic\">\r\n                <a  data-lightbox=\"post-image\" href=\"https:\/\/www.faster.cz\/wp-content\/uploads\/2024\/02\/zari_24-840x560.webp\" data-lightbox=\"post-image\" data-title=\"\"<\/a>\r\n            \r\n                        <img decoding=\"async\" width=\"420\" height=\"280\" src=\"https:\/\/www.faster.cz\/wp-content\/uploads\/2024\/02\/zari_24-420x280.webp\" class=\"img-responsive\" alt=\"\" loading=\"lazy\" srcset=\"https:\/\/www.faster.cz\/wp-content\/uploads\/2024\/02\/zari_24-420x280.webp 420w, https:\/\/www.faster.cz\/wp-content\/uploads\/2024\/02\/zari_24-300x200.webp 300w, https:\/\/www.faster.cz\/wp-content\/uploads\/2024\/02\/zari_24-768x512.webp 768w, https:\/\/www.faster.cz\/wp-content\/uploads\/2024\/02\/zari_24-840x560.webp 840w, https:\/\/www.faster.cz\/wp-content\/uploads\/2024\/02\/zari_24-150x100.webp 150w, https:\/\/www.faster.cz\/wp-content\/uploads\/2024\/02\/zari_24.webp 1000w\" sizes=\"auto, (max-width: 420px) 100vw, 420px\" \/>            \r\n                    <\/a>\r\n        <\/div>\r\n\r\n    <div class=\"item-more-block__text\">\r\n        <h2><\/h2>\r\n        <div class=\"text-content\"><p><strong>In September 2024<\/strong> we celebrate <strong>30 years<\/strong> since the company was founded, and for us this is a big event that deserves year-round attention. We&#8217;ve been living this anniversary since the autumn of 2023, when the idea for the <strong>anniversary t-shirt<\/strong> design was conceived and planning for a huge celebration got underway early in the new year &#8211; you&#8217;ve got a lot to look forward to!<\/p>\n<\/div>\r\n    <\/div>\r\n\r\n<\/div>\n\n\n<div style=\"height:15px\" aria-hidden=\"true\" class=\"wp-block-spacer\"><\/div>\n\n\n\n<p>More about the company history <a href=\"https:\/\/www.faster.cz\/en\/about-us\/\" target=\"_blank\" rel=\"noreferrer noopener\">HERE<\/a><\/p>\n","protected":false},"excerpt":{"rendered":"<p>The slogan FASTER_3.0 was created spontaneously, as is generally the case with most interesting projects. At one of the meetings our marketer brought the idea of versioning, which is common in the IT world, and wanted to use it to materialize the new generation of the company. The management appreciated the idea and took it [&hellip;]<\/p>\n","protected":false},"author":1,"featured_media":0,"parent":0,"menu_order":0,"comment_status":"closed","ping_status":"closed","template":"","meta":{"_acf_changed":false,"inline_featured_image":false,"footnotes":""},"class_list":["post-6648","page","type-page","status-publish","hentry"],"acf":[],"yoast_head":"<!-- This site is optimized with the Yoast SEO plugin v27.5 - https:\/\/yoast.com\/product\/yoast-seo-wordpress\/ -->\n<title>FASTER_3.0 - Faster.cz<\/title>\n<meta name=\"description\" content=\"Projekt faster_3.0 popisuje historii, r\u016fst spole\u010dnosti a v\u00fdvoj slu\u017eeb. Shrnuje novinky posledn\u00edch let a odkazuje na v\u00fdro\u010d\u00ed firmy.\" \/>\n<meta name=\"robots\" content=\"index, follow, max-snippet:-1, max-image-preview:large, max-video-preview:-1\" \/>\n<link rel=\"canonical\" href=\"https:\/\/www.faster.cz\/en\/faster-3-0\/\" \/>\n<meta property=\"og:locale\" content=\"en_US\" \/>\n<meta property=\"og:type\" content=\"article\" \/>\n<meta property=\"og:title\" content=\"FASTER_3.0 - Faster.cz\" \/>\n<meta property=\"og:description\" content=\"Projekt faster_3.0 popisuje historii, r\u016fst spole\u010dnosti a v\u00fdvoj slu\u017eeb. Shrnuje novinky posledn\u00edch let a odkazuje na v\u00fdro\u010d\u00ed firmy.\" \/>\n<meta property=\"og:url\" content=\"https:\/\/www.faster.cz\/en\/faster-3-0\/\" \/>\n<meta property=\"og:site_name\" content=\"Faster.cz\" \/>\n<meta property=\"article:publisher\" content=\"https:\/\/www.facebook.com\/Fastercz\/\" \/>\n<meta property=\"article:modified_time\" content=\"2025-01-29T11:16:53+00:00\" \/>\n<meta name=\"twitter:card\" content=\"summary_large_image\" \/>\n<meta name=\"twitter:site\" content=\"@Fastercz\" \/>\n<meta name=\"twitter:label1\" content=\"Est. reading time\" \/>\n\t<meta name=\"twitter:data1\" content=\"1 minute\" \/>\n<script type=\"application\/ld+json\" class=\"yoast-schema-graph\">{\"@context\":\"https:\\\/\\\/schema.org\",\"@graph\":[{\"@type\":\"WebPage\",\"@id\":\"https:\\\/\\\/www.faster.cz\\\/en\\\/faster-3-0\\\/\",\"url\":\"https:\\\/\\\/www.faster.cz\\\/en\\\/faster-3-0\\\/\",\"name\":\"FASTER_3.0 - Faster.cz\",\"isPartOf\":{\"@id\":\"https:\\\/\\\/www.faster.cz\\\/#website\"},\"datePublished\":\"2024-01-22T13:49:09+00:00\",\"dateModified\":\"2025-01-29T11:16:53+00:00\",\"description\":\"Projekt faster_3.0 popisuje historii, r\u016fst spole\u010dnosti a v\u00fdvoj slu\u017eeb. Shrnuje novinky posledn\u00edch let a odkazuje na v\u00fdro\u010d\u00ed firmy.\",\"inLanguage\":\"en-US\",\"potentialAction\":[{\"@type\":\"ReadAction\",\"target\":[\"https:\\\/\\\/www.faster.cz\\\/en\\\/faster-3-0\\\/\"]}]},{\"@type\":\"WebSite\",\"@id\":\"https:\\\/\\\/www.faster.cz\\\/#website\",\"url\":\"https:\\\/\\\/www.faster.cz\\\/\",\"name\":\"Faster.cz\",\"description\":\"...\",\"potentialAction\":[{\"@type\":\"SearchAction\",\"target\":{\"@type\":\"EntryPoint\",\"urlTemplate\":\"https:\\\/\\\/www.faster.cz\\\/?s={search_term_string}\"},\"query-input\":{\"@type\":\"PropertyValueSpecification\",\"valueRequired\":true,\"valueName\":\"search_term_string\"}}],\"inLanguage\":\"en-US\"}]}<\/script>\n<!-- \/ Yoast SEO plugin. -->","yoast_head_json":{"title":"FASTER_3.0 - Faster.cz","description":"Projekt faster_3.0 popisuje historii, r\u016fst spole\u010dnosti a v\u00fdvoj slu\u017eeb. Shrnuje novinky posledn\u00edch let a odkazuje na v\u00fdro\u010d\u00ed firmy.","robots":{"index":"index","follow":"follow","max-snippet":"max-snippet:-1","max-image-preview":"max-image-preview:large","max-video-preview":"max-video-preview:-1"},"canonical":"https:\/\/www.faster.cz\/en\/faster-3-0\/","og_locale":"en_US","og_type":"article","og_title":"FASTER_3.0 - Faster.cz","og_description":"Projekt faster_3.0 popisuje historii, r\u016fst spole\u010dnosti a v\u00fdvoj slu\u017eeb. Shrnuje novinky posledn\u00edch let a odkazuje na v\u00fdro\u010d\u00ed firmy.","og_url":"https:\/\/www.faster.cz\/en\/faster-3-0\/","og_site_name":"Faster.cz","article_publisher":"https:\/\/www.facebook.com\/Fastercz\/","article_modified_time":"2025-01-29T11:16:53+00:00","twitter_card":"summary_large_image","twitter_site":"@Fastercz","twitter_misc":{"Est. reading time":"1 minute"},"schema":{"@context":"https:\/\/schema.org","@graph":[{"@type":"WebPage","@id":"https:\/\/www.faster.cz\/en\/faster-3-0\/","url":"https:\/\/www.faster.cz\/en\/faster-3-0\/","name":"FASTER_3.0 - Faster.cz","isPartOf":{"@id":"https:\/\/www.faster.cz\/#website"},"datePublished":"2024-01-22T13:49:09+00:00","dateModified":"2025-01-29T11:16:53+00:00","description":"Projekt faster_3.0 popisuje historii, r\u016fst spole\u010dnosti a v\u00fdvoj slu\u017eeb. Shrnuje novinky posledn\u00edch let a odkazuje na v\u00fdro\u010d\u00ed firmy.","inLanguage":"en-US","potentialAction":[{"@type":"ReadAction","target":["https:\/\/www.faster.cz\/en\/faster-3-0\/"]}]},{"@type":"WebSite","@id":"https:\/\/www.faster.cz\/#website","url":"https:\/\/www.faster.cz\/","name":"Faster.cz","description":"...","potentialAction":[{"@type":"SearchAction","target":{"@type":"EntryPoint","urlTemplate":"https:\/\/www.faster.cz\/?s={search_term_string}"},"query-input":{"@type":"PropertyValueSpecification","valueRequired":true,"valueName":"search_term_string"}}],"inLanguage":"en-US"}]}},"_links":{"self":[{"href":"https:\/\/www.faster.cz\/en\/wp-json\/wp\/v2\/pages\/6648","targetHints":{"allow":["GET"]}}],"collection":[{"href":"https:\/\/www.faster.cz\/en\/wp-json\/wp\/v2\/pages"}],"about":[{"href":"https:\/\/www.faster.cz\/en\/wp-json\/wp\/v2\/types\/page"}],"author":[{"embeddable":true,"href":"https:\/\/www.faster.cz\/en\/wp-json\/wp\/v2\/users\/1"}],"replies":[{"embeddable":true,"href":"https:\/\/www.faster.cz\/en\/wp-json\/wp\/v2\/comments?post=6648"}],"version-history":[{"count":23,"href":"https:\/\/www.faster.cz\/en\/wp-json\/wp\/v2\/pages\/6648\/revisions"}],"predecessor-version":[{"id":8013,"href":"https:\/\/www.faster.cz\/en\/wp-json\/wp\/v2\/pages\/6648\/revisions\/8013"}],"wp:attachment":[{"href":"https:\/\/www.faster.cz\/en\/wp-json\/wp\/v2\/media?parent=6648"}],"curies":[{"name":"wp","href":"https:\/\/api.w.org\/{rel}","templated":true}]}}