{"id":6688,"date":"2023-10-02T19:03:27","date_gmt":"2023-10-02T17:03:27","guid":{"rendered":"https:\/\/www.faster.cz\/kariera\/"},"modified":"2026-03-10T14:48:21","modified_gmt":"2026-03-10T13:48:21","slug":"kariera","status":"publish","type":"page","link":"https:\/\/www.faster.cz\/en\/kariera\/","title":{"rendered":"Kari\u00e9ra"},"content":{"rendered":"\n<div style=\"height:10px\" aria-hidden=\"true\" class=\"wp-block-spacer\"><\/div>\n\n\n\n<h2 class=\"wp-block-heading\">Pro\u010d k n\u00e1m?<\/h2>\n\n\n\n<div class=\"wp-block-columns is-layout-flex wp-container-core-columns-is-layout-9d6595d7 wp-block-columns-is-layout-flex\">\n<div class=\"wp-block-column is-layout-flow wp-block-column-is-layout-flow\">\n<h3 class=\"wp-block-heading\">Renomovan\u00fd poskytovatel<\/h3>\n\n\n\n<p>Nab\u00edz\u00edme Ti z\u00e1zem\u00ed stabiln\u00ed brn\u011bnsk\u00e9 firmy s 30 let\u00fdmi zku\u0161enostmi v oboru.<br>Prostory firmy byly postaveny na kl\u00ed\u010d tak, aby se Ti tu p\u0159\u00edjemn\u011b pracovalo a z\u00e1zem\u00ed ocenil i z\u00e1kazn\u00edk.<\/p>\n<\/div>\n\n\n\n<div class=\"wp-block-column is-layout-flow wp-block-column-is-layout-flow\">\n<h3 class=\"wp-block-heading\">Individu\u00e1ln\u00ed p\u0159\u00edstup<\/h3>\n\n\n\n<p>Skv\u011bl\u00e1 parta lid\u00ed, pro kterou je nejd\u016fle\u017eit\u011bj\u0161\u00ed osobn\u00ed p\u0159\u00edstup ke klient\u016fm i sob\u011b sam\u00fdm.<br>S n\u00e1mi m\u016f\u017ee\u0161 mluvit o \u010demkoliv, v\u017edy se sna\u017e\u00edme naj\u00edt \u0159e\u0161en\u00ed pro ob\u011b strany.<\/p>\n<\/div>\n<\/div>\n\n\n\n<div class=\"wp-block-columns is-layout-flex wp-container-core-columns-is-layout-9d6595d7 wp-block-columns-is-layout-flex\">\n<div class=\"wp-block-column is-layout-flow wp-block-column-is-layout-flow\">\n<h3 class=\"wp-block-heading\">Modern\u00ed technologie<\/h3>\n\n\n\n<p>Milujeme inovace a novinky v IT oboru, ani um\u011bl\u00e1 inteligence pro n\u00e1s nen\u00ed tabu. M\u00e1me p\u0159\u00edstup k nejnov\u011bj\u0161\u00edm technologi\u00edm a vybaven\u00ed, co\u017e n\u00e1m umo\u017e\u0148uje b\u00fdt v\u017edy krok p\u0159ed konkurenc\u00ed.<\/p>\n<\/div>\n\n\n\n<div class=\"wp-block-column is-layout-flow wp-block-column-is-layout-flow\">\n<h3 class=\"wp-block-heading\">S\u00e1z\u00edme na poctivost<\/h3>\n\n\n\n<p>Kvalita slu\u017eeb i odveden\u00e9 pr\u00e1ce n\u00e1m roky skl\u00edz\u00ed ovoce. Um\u00edme ocenit, &#8220;p\u0159isp\u011bje\u0161-li svoj\u00ed tro\u0161kou do ml\u00fdna&#8221; v odborn\u00e9 \u010di lidsk\u00e9 sf\u00e9\u0159e p\u0159i tmelen\u00ed i r\u016fstu na\u0161eho t\u00fdmu.<\/p>\n<\/div>\n<\/div>\n\n\n\n<div class=\"wp-block-columns is-layout-flex wp-container-core-columns-is-layout-9d6595d7 wp-block-columns-is-layout-flex\">\n<div class=\"wp-block-column is-layout-flow wp-block-column-is-layout-flow\">\n<h3 class=\"wp-block-heading\">Prostor pro seberealizaci<\/h3>\n\n\n\n<p>Nechceme, abys usnul na vav\u0159\u00ednech a r\u00e1di podpo\u0159\u00edme jakoukouliv vzd\u011bl\u00e1vac\u00ed aktivitu, kter\u00e1 posune Tebe i firmu. V\u017edy se sna\u017e\u00edme nab\u00eddnout ty nejvhodn\u011bj\u0161\u00ed podm\u00ednky pro spokojen\u00e9 pracovn\u00ed dny.<\/p>\n<\/div>\n\n\n\n<div class=\"wp-block-column is-layout-flow wp-block-column-is-layout-flow\"><\/div>\n<\/div>\n\n\n\n<figure class=\"wp-block-gallery has-nested-images columns-default is-cropped wp-block-gallery-1 is-layout-flex wp-block-gallery-is-layout-flex\">\n<figure class=\"wp-block-image size-large\"><a  data-lightbox=\"post-image\" href=\"https:\/\/www.faster.cz\/wp-content\/uploads\/2024\/02\/kariera_02.jpg\"<\/a><img loading=\"lazy\" decoding=\"async\" width=\"667\" height=\"800\" data-id=\"5704\" src=\"https:\/\/www.faster.cz\/wp-content\/uploads\/2024\/02\/kariera_02-667x800.jpg\" alt=\"\" class=\"wp-image-5704\"\/><\/a><\/figure>\n\n\n\n<figure class=\"wp-block-image size-large\"><a  data-lightbox=\"post-image\" href=\"https:\/\/www.faster.cz\/wp-content\/uploads\/2024\/02\/kariera_03.jpg\"<\/a><img loading=\"lazy\" decoding=\"async\" width=\"1000\" height=\"667\" data-id=\"5706\" src=\"https:\/\/www.faster.cz\/wp-content\/uploads\/2024\/02\/kariera_03.jpg\" alt=\"\" class=\"wp-image-5706\" srcset=\"https:\/\/www.faster.cz\/wp-content\/uploads\/2024\/02\/kariera_03.jpg 1000w, https:\/\/www.faster.cz\/wp-content\/uploads\/2024\/02\/kariera_03-300x200.jpg 300w, https:\/\/www.faster.cz\/wp-content\/uploads\/2024\/02\/kariera_03-768x512.jpg 768w, https:\/\/www.faster.cz\/wp-content\/uploads\/2024\/02\/kariera_03-840x560.jpg 840w, https:\/\/www.faster.cz\/wp-content\/uploads\/2024\/02\/kariera_03-420x280.jpg 420w, https:\/\/www.faster.cz\/wp-content\/uploads\/2024\/02\/kariera_03-150x100.jpg 150w\" sizes=\"auto, (max-width: 1000px) 100vw, 1000px\" \/><\/a><\/figure>\n\n\n\n<figure class=\"wp-block-image size-large\"><a  data-lightbox=\"post-image\" href=\"https:\/\/www.faster.cz\/wp-content\/uploads\/2024\/02\/kariera_01.jpg\"<\/a><img loading=\"lazy\" decoding=\"async\" width=\"1000\" height=\"667\" data-id=\"5702\" src=\"https:\/\/www.faster.cz\/wp-content\/uploads\/2024\/02\/kariera_01.jpg\" alt=\"\" class=\"wp-image-5702\" srcset=\"https:\/\/www.faster.cz\/wp-content\/uploads\/2024\/02\/kariera_01.jpg 1000w, https:\/\/www.faster.cz\/wp-content\/uploads\/2024\/02\/kariera_01-300x200.jpg 300w, https:\/\/www.faster.cz\/wp-content\/uploads\/2024\/02\/kariera_01-768x512.jpg 768w, https:\/\/www.faster.cz\/wp-content\/uploads\/2024\/02\/kariera_01-840x560.jpg 840w, https:\/\/www.faster.cz\/wp-content\/uploads\/2024\/02\/kariera_01-420x280.jpg 420w, https:\/\/www.faster.cz\/wp-content\/uploads\/2024\/02\/kariera_01-150x100.jpg 150w\" sizes=\"auto, (max-width: 1000px) 100vw, 1000px\" \/><\/a><\/figure>\n<\/figure>\n\n\n\n<h2 class=\"wp-block-heading\">Na co se m\u016f\u017ee\u0161 t\u011b\u0161it?<\/h2>\n\n\n\n<div class=\"wp-block-columns layout-5 is-layout-flex wp-container-core-columns-is-layout-9d6595d7 wp-block-columns-is-layout-flex\">\n<div class=\"wp-block-column is-layout-flow wp-block-column-is-layout-flow\">\r\n\r\n<div class=\"item-icontext item-icontext-top\">\r\n\r\n    <div class=\"item-icontext__pic\">\r\n            <img decoding=\"async\" width=\"171\" height=\"171\" src=\"https:\/\/www.faster.cz\/wp-content\/uploads\/2024\/02\/kultura-sport.png\" class=\"img-responsive\" alt=\"\" loading=\"lazy\" srcset=\"https:\/\/www.faster.cz\/wp-content\/uploads\/2024\/02\/kultura-sport.png 171w, https:\/\/www.faster.cz\/wp-content\/uploads\/2024\/02\/kultura-sport-150x150.png 150w\" sizes=\"auto, (max-width: 171px) 100vw, 171px\" \/>    <\/div>\r\n\r\n    <div class=\"item-icontext__text\">\r\n        kultura a sport    <\/div>\r\n\r\n<\/div><\/div>\n\n\n\n<div class=\"wp-block-column is-layout-flow wp-block-column-is-layout-flow\">\r\n\r\n<div class=\"item-icontext item-icontext-top\">\r\n\r\n    <div class=\"item-icontext__pic\">\r\n            <img decoding=\"async\" width=\"171\" height=\"171\" src=\"https:\/\/www.faster.cz\/wp-content\/uploads\/2024\/02\/kava.png\" class=\"img-responsive\" alt=\"\" loading=\"lazy\" srcset=\"https:\/\/www.faster.cz\/wp-content\/uploads\/2024\/02\/kava.png 171w, https:\/\/www.faster.cz\/wp-content\/uploads\/2024\/02\/kava-150x150.png 150w\" sizes=\"auto, (max-width: 171px) 100vw, 171px\" \/>    <\/div>\r\n\r\n    <div class=\"item-icontext__text\">\r\n        k\u00e1va z pra\u017e\u00edrny    <\/div>\r\n\r\n<\/div><\/div>\n\n\n\n<div class=\"wp-block-column is-layout-flow wp-block-column-is-layout-flow\">\r\n\r\n<div class=\"item-icontext item-icontext-top\">\r\n\r\n    <div class=\"item-icontext__pic\">\r\n            <img decoding=\"async\" width=\"171\" height=\"171\" src=\"https:\/\/www.faster.cz\/wp-content\/uploads\/2024\/02\/ovoce.png\" class=\"img-responsive\" alt=\"\" loading=\"lazy\" srcset=\"https:\/\/www.faster.cz\/wp-content\/uploads\/2024\/02\/ovoce.png 171w, https:\/\/www.faster.cz\/wp-content\/uploads\/2024\/02\/ovoce-150x150.png 150w\" sizes=\"auto, (max-width: 171px) 100vw, 171px\" \/>    <\/div>\r\n\r\n    <div class=\"item-icontext__text\">\r\n        ovoce pro zdrav\u00ed    <\/div>\r\n\r\n<\/div><\/div>\n\n\n\n<div class=\"wp-block-column is-layout-flow wp-block-column-is-layout-flow\">\r\n\r\n<div class=\"item-icontext item-icontext-top\">\r\n\r\n    <div class=\"item-icontext__pic\">\r\n            <img decoding=\"async\" width=\"171\" height=\"171\" src=\"https:\/\/www.faster.cz\/wp-content\/uploads\/2024\/02\/bar.png\" class=\"img-responsive\" alt=\"\" loading=\"lazy\" srcset=\"https:\/\/www.faster.cz\/wp-content\/uploads\/2024\/02\/bar.png 171w, https:\/\/www.faster.cz\/wp-content\/uploads\/2024\/02\/bar-150x150.png 150w\" sizes=\"auto, (max-width: 171px) 100vw, 171px\" \/>    <\/div>\r\n\r\n    <div class=\"item-icontext__text\">\r\n        Faster bar    <\/div>\r\n\r\n<\/div><\/div>\n\n\n\n<div class=\"wp-block-column is-layout-flow wp-block-column-is-layout-flow\">\r\n\r\n<div class=\"item-icontext item-icontext-top\">\r\n\r\n    <div class=\"item-icontext__pic\">\r\n            <img decoding=\"async\" width=\"171\" height=\"171\" src=\"https:\/\/www.faster.cz\/wp-content\/uploads\/2024\/02\/obedy.png\" class=\"img-responsive\" alt=\"\" loading=\"lazy\" srcset=\"https:\/\/www.faster.cz\/wp-content\/uploads\/2024\/02\/obedy.png 171w, https:\/\/www.faster.cz\/wp-content\/uploads\/2024\/02\/obedy-150x150.png 150w\" sizes=\"auto, (max-width: 171px) 100vw, 171px\" \/>    <\/div>\r\n\r\n    <div class=\"item-icontext__text\">\r\n        stravenkov\u00fd pau\u0161\u00e1l    <\/div>\r\n\r\n<\/div><\/div>\n<\/div>\n\n\n\n<div class=\"wp-block-columns layout-5 is-layout-flex wp-container-core-columns-is-layout-9d6595d7 wp-block-columns-is-layout-flex\">\n<div class=\"wp-block-column is-layout-flow wp-block-column-is-layout-flow\">\r\n\r\n<div class=\"item-icontext item-icontext-top\">\r\n\r\n    <div class=\"item-icontext__pic\">\r\n            <img decoding=\"async\" width=\"171\" height=\"171\" src=\"https:\/\/www.faster.cz\/wp-content\/uploads\/2024\/02\/technika.png\" class=\"img-responsive\" alt=\"\" loading=\"lazy\" srcset=\"https:\/\/www.faster.cz\/wp-content\/uploads\/2024\/02\/technika.png 171w, https:\/\/www.faster.cz\/wp-content\/uploads\/2024\/02\/technika-150x150.png 150w\" sizes=\"auto, (max-width: 171px) 100vw, 171px\" \/>    <\/div>\r\n\r\n    <div class=\"item-icontext__text\">\r\n        technika na p\u0159\u00e1n\u00ed    <\/div>\r\n\r\n<\/div><\/div>\n\n\n\n<div class=\"wp-block-column is-layout-flow wp-block-column-is-layout-flow\">\r\n\r\n<div class=\"item-icontext item-icontext-top\">\r\n\r\n    <div class=\"item-icontext__pic\">\r\n            <img decoding=\"async\" width=\"171\" height=\"171\" src=\"https:\/\/www.faster.cz\/wp-content\/uploads\/2024\/02\/dovolena.png\" class=\"img-responsive\" alt=\"\" loading=\"lazy\" srcset=\"https:\/\/www.faster.cz\/wp-content\/uploads\/2024\/02\/dovolena.png 171w, https:\/\/www.faster.cz\/wp-content\/uploads\/2024\/02\/dovolena-150x150.png 150w\" sizes=\"auto, (max-width: 171px) 100vw, 171px\" \/>    <\/div>\r\n\r\n    <div class=\"item-icontext__text\">\r\n        dovolen\u00e1 nav\u00edc    <\/div>\r\n\r\n<\/div><\/div>\n\n\n\n<div class=\"wp-block-column is-layout-flow wp-block-column-is-layout-flow\">\r\n\r\n<div class=\"item-icontext item-icontext-top\">\r\n\r\n    <div class=\"item-icontext__pic\">\r\n            <img decoding=\"async\" width=\"171\" height=\"171\" src=\"https:\/\/www.faster.cz\/wp-content\/uploads\/2024\/02\/homeoffice.png\" class=\"img-responsive\" alt=\"\" loading=\"lazy\" srcset=\"https:\/\/www.faster.cz\/wp-content\/uploads\/2024\/02\/homeoffice.png 171w, https:\/\/www.faster.cz\/wp-content\/uploads\/2024\/02\/homeoffice-150x150.png 150w\" sizes=\"auto, (max-width: 171px) 100vw, 171px\" \/>    <\/div>\r\n\r\n    <div class=\"item-icontext__text\">\r\n        homeoffice dohodou    <\/div>\r\n\r\n<\/div><\/div>\n\n\n\n<div class=\"wp-block-column is-layout-flow wp-block-column-is-layout-flow\">\r\n\r\n<div class=\"item-icontext item-icontext-top\">\r\n\r\n    <div class=\"item-icontext__pic\">\r\n            <img decoding=\"async\" width=\"171\" height=\"171\" src=\"https:\/\/www.faster.cz\/wp-content\/uploads\/2024\/02\/vzdelani.png\" class=\"img-responsive\" alt=\"\" loading=\"lazy\" srcset=\"https:\/\/www.faster.cz\/wp-content\/uploads\/2024\/02\/vzdelani.png 171w, https:\/\/www.faster.cz\/wp-content\/uploads\/2024\/02\/vzdelani-150x150.png 150w\" sizes=\"auto, (max-width: 171px) 100vw, 171px\" \/>    <\/div>\r\n\r\n    <div class=\"item-icontext__text\">\r\n        podpora vzd\u011bl\u00e1n\u00ed    <\/div>\r\n\r\n<\/div><\/div>\n\n\n\n<div class=\"wp-block-column is-layout-flow wp-block-column-is-layout-flow\"><\/div>\n<\/div>\n\n\n\n<div style=\"height:20px\" aria-hidden=\"true\" class=\"wp-block-spacer\"><\/div>\n\n\n\n<h2 class=\"wp-block-heading\">Jak vyb\u00edr\u00e1me?<\/h2>\n\n\n\n<ol class=\"wp-block-list\">\n<li>Na z\u00e1klad\u011b zaslan\u00e9ho \u017eivotopisu, pr\u016fvodn\u00edch slov, odkazu na pracovn\u00ed portfolio nebo LinkedIn profil. M\u00e1me r\u00e1di prokazatelnost, u\u010denlivost, originalitu a osobn\u00ed p\u0159\u00edstup. Nej\u010dast\u011bji v\u0161ak p\u0159i v\u00fdb\u011bru d\u00e1me na osobn\u00ed doporu\u010den\u00ed.<\/li>\n\n\n\n<li>P\u0159\u00edb\u011bhy ka\u017ed\u00e9ho z v\u00e1s n\u00e1s zaj\u00edmaj\u00ed a pe\u010dliv\u011b posuzujeme v \u00fazk\u00e9m t\u00fdmu oboustrannou vhodnost obsazen\u00ed na danou pozici. Chceme, aby Tv\u00e1 cesta byla dlouh\u00e1 a spokojen\u00e1.<\/li>\n\n\n\n<li>Sna\u017e\u00edme se reagovat pru\u017en\u011b, ozveme se nejpozd\u011bji do 5 pracovn\u00edch dn\u016f. V p\u0159\u00edpad\u011b, \u017ee n\u00e1s Tvoje prezentace zaujala m\u00e9n\u011b ne\u017e u ostatn\u00edch, i tak od n\u00e1s obdr\u017e\u00ed\u0161 reakci, by\u0165 m\u016f\u017ee b\u00fdt zam\u00edtav\u00e1.<\/li>\n\n\n\n<li>V\u011bt\u0161inou n\u00e1sleduj\u00ed maxim\u00e1ln\u011b dv\u011b setk\u00e1n\u00ed, kde se potk\u00e1\u0161 se sv\u00fdmi kolegy a vz\u00e1jemn\u011b si lad\u00edme o\u010dek\u00e1v\u00e1n\u00ed u pozice a p\u0159edpoklady.<\/li>\n\n\n\n<li>Pokud to spole\u010dn\u011b lad\u00ed a pl\u00e1cli jsme si, m\u016f\u017eeme rovnou pl\u00e1novat uv\u00edtac\u00ed p\u00e1rty. Od prvn\u00edho kontaktu nejpozd\u011bji do t\u0159ech t\u00fddn\u016f k n\u00e1m obvykle nastoup\u00ed nov\u00fd \u010dlen t\u00fdmu. Vcelku faster, co \u0159\u00edk\u00e1\u0161?<\/li>\n<\/ol>\n\n\n\n<div style=\"height:10px\" aria-hidden=\"true\" class=\"wp-block-spacer\"><\/div>\n\n\n\n<h2 class=\"wp-block-heading\">S jak\u00fdmi technologiemi pracujeme?<\/h2>\n\n\n\n<ul class=\"wp-block-list is-style-list-square\">\n<li>Setk\u00e1\u0161 se u n\u00e1s s OS Linux LAMP i s OS Windows AD<\/li>\n\n\n\n<li>Programujeme nej\u010dast\u011bji v Bashi nebo Rustu, automatizujeme s Ansible<\/li>\n\n\n\n<li>Pracujeme s datab\u00e1zemi Postgres, MariaDB i Cassandra<\/li>\n\n\n\n<li>Pro virtualizaci pou\u017e\u00edv\u00e1me Proxmox, VMWare, Kubernetes<\/li>\n\n\n\n<li>Spr\u00e1vu server\u016f a s\u00edt\u00ed \u0159e\u0161\u00edme p\u0159es IPv6 a ARP, DHCP, DNS, VRRP, firewall, tcpdump<\/li>\n\n\n\n<li>Na vytv\u00e1\u0159en\u00ed a hostov\u00e1n\u00ed soubor\u016f pou\u017e\u00edv\u00e1me Nextcloud<\/li>\n<\/ul>\n\n\n\n<div style=\"height:10px\" aria-hidden=\"true\" class=\"wp-block-spacer\"><\/div>\n\n\n\n<p>Na\u0161\u00edm partnerem pro n\u00e1bor uchaze\u010d\u016f je jeden z p\u0159edn\u00edch \u010desk\u00fdch pracovn\u00edch port\u00e1l\u016f <a href=\"https:\/\/www.jenprace.cz\">jenprace.cz<\/a><\/p>\n\n\n\n<figure class=\"wp-block-image size-full is-resized\"><a  data-lightbox=\"post-image\" href=\"https:\/\/www.jenprace.cz\"><img loading=\"lazy\" decoding=\"async\" width=\"488\" height=\"95\" src=\"https:\/\/www.faster.cz\/wp-content\/uploads\/2026\/03\/JenPrace.cz-logo-pruhledne-pozadi.png\" alt=\"\" class=\"wp-image-9056\" style=\"width:225px;height:auto\"\/<\/a srcset=\"https:\/\/www.faster.cz\/wp-content\/uploads\/2026\/03\/JenPrace.cz-logo-pruhledne-pozadi.png 488w, https:\/\/www.faster.cz\/wp-content\/uploads\/2026\/03\/JenPrace.cz-logo-pruhledne-pozadi-300x58.png 300w\" sizes=\"auto, (max-width: 488px) 100vw, 488px\" \/><\/a><\/figure>\n","protected":false},"excerpt":{"rendered":"<p>Pro\u010d k n\u00e1m? Renomovan\u00fd poskytovatel Nab\u00edz\u00edme Ti z\u00e1zem\u00ed stabiln\u00ed brn\u011bnsk\u00e9 firmy s 30 let\u00fdmi zku\u0161enostmi v oboru.Prostory firmy byly postaveny na kl\u00ed\u010d tak, aby se Ti tu p\u0159\u00edjemn\u011b pracovalo a z\u00e1zem\u00ed ocenil i z\u00e1kazn\u00edk. Individu\u00e1ln\u00ed p\u0159\u00edstup Skv\u011bl\u00e1 parta lid\u00ed, pro kterou je nejd\u016fle\u017eit\u011bj\u0161\u00ed osobn\u00ed p\u0159\u00edstup ke klient\u016fm i sob\u011b sam\u00fdm.S n\u00e1mi m\u016f\u017ee\u0161 mluvit o \u010demkoliv, [&hellip;]<\/p>\n","protected":false},"author":1,"featured_media":0,"parent":0,"menu_order":0,"comment_status":"closed","ping_status":"closed","template":"","meta":{"_acf_changed":false,"inline_featured_image":false,"footnotes":""},"class_list":["post-6688","page","type-page","status-publish","hentry"],"acf":[],"yoast_head":"<!-- This site is optimized with the Yoast SEO plugin v27.5 - https:\/\/yoast.com\/product\/yoast-seo-wordpress\/ -->\n<title>Kari\u00e9ra - Faster.cz<\/title>\n<meta name=\"description\" content=\"Pracujte ve Faster CZ. Prohl\u00e9dn\u011bte fotky a ud\u011blejte si p\u0159edstavu o benefitech. Popisujeme zde proces v\u00fdb\u011bru a p\u0159ibli\u017eujeme technologie.\" \/>\n<meta name=\"robots\" content=\"index, follow, max-snippet:-1, max-image-preview:large, max-video-preview:-1\" \/>\n<link rel=\"canonical\" href=\"https:\/\/www.faster.cz\/en\/kariera\/\" \/>\n<meta property=\"og:locale\" content=\"en_US\" \/>\n<meta property=\"og:type\" content=\"article\" \/>\n<meta property=\"og:title\" content=\"Kari\u00e9ra - Faster.cz\" \/>\n<meta property=\"og:description\" content=\"Pracujte ve Faster CZ. Prohl\u00e9dn\u011bte fotky a ud\u011blejte si p\u0159edstavu o benefitech. Popisujeme zde proces v\u00fdb\u011bru a p\u0159ibli\u017eujeme technologie.\" \/>\n<meta property=\"og:url\" content=\"https:\/\/www.faster.cz\/en\/kariera\/\" \/>\n<meta property=\"og:site_name\" content=\"Faster.cz\" \/>\n<meta property=\"article:publisher\" content=\"https:\/\/www.facebook.com\/Fastercz\/\" \/>\n<meta property=\"article:modified_time\" content=\"2026-03-10T13:48:21+00:00\" \/>\n<meta property=\"og:image\" content=\"https:\/\/www.faster.cz\/wp-content\/uploads\/2024\/02\/kariera_02.jpg\" \/>\n\t<meta property=\"og:image:width\" content=\"667\" \/>\n\t<meta property=\"og:image:height\" content=\"1000\" \/>\n\t<meta property=\"og:image:type\" content=\"image\/jpeg\" \/>\n<meta name=\"twitter:card\" content=\"summary_large_image\" \/>\n<meta name=\"twitter:site\" content=\"@Fastercz\" \/>\n<meta name=\"twitter:label1\" content=\"Est. reading time\" \/>\n\t<meta name=\"twitter:data1\" content=\"3 minutes\" \/>\n<script type=\"application\/ld+json\" class=\"yoast-schema-graph\">{\"@context\":\"https:\\\/\\\/schema.org\",\"@graph\":[{\"@type\":\"WebPage\",\"@id\":\"https:\\\/\\\/www.faster.cz\\\/en\\\/kariera\\\/\",\"url\":\"https:\\\/\\\/www.faster.cz\\\/en\\\/kariera\\\/\",\"name\":\"Kari\u00e9ra - Faster.cz\",\"isPartOf\":{\"@id\":\"https:\\\/\\\/www.faster.cz\\\/#website\"},\"primaryImageOfPage\":{\"@id\":\"https:\\\/\\\/www.faster.cz\\\/en\\\/kariera\\\/#primaryimage\"},\"image\":{\"@id\":\"https:\\\/\\\/www.faster.cz\\\/en\\\/kariera\\\/#primaryimage\"},\"thumbnailUrl\":\"https:\\\/\\\/www.faster.cz\\\/wp-content\\\/uploads\\\/2024\\\/02\\\/kariera_02-667x800.jpg\",\"datePublished\":\"2023-10-02T17:03:27+00:00\",\"dateModified\":\"2026-03-10T13:48:21+00:00\",\"description\":\"Pracujte ve Faster CZ. Prohl\u00e9dn\u011bte fotky a ud\u011blejte si p\u0159edstavu o benefitech. Popisujeme zde proces v\u00fdb\u011bru a p\u0159ibli\u017eujeme technologie.\",\"inLanguage\":\"en-US\",\"potentialAction\":[{\"@type\":\"ReadAction\",\"target\":[\"https:\\\/\\\/www.faster.cz\\\/en\\\/kariera\\\/\"]}]},{\"@type\":\"ImageObject\",\"inLanguage\":\"en-US\",\"@id\":\"https:\\\/\\\/www.faster.cz\\\/en\\\/kariera\\\/#primaryimage\",\"url\":\"https:\\\/\\\/www.faster.cz\\\/wp-content\\\/uploads\\\/2024\\\/02\\\/kariera_02-667x800.jpg\",\"contentUrl\":\"https:\\\/\\\/www.faster.cz\\\/wp-content\\\/uploads\\\/2024\\\/02\\\/kariera_02-667x800.jpg\"},{\"@type\":\"WebSite\",\"@id\":\"https:\\\/\\\/www.faster.cz\\\/#website\",\"url\":\"https:\\\/\\\/www.faster.cz\\\/\",\"name\":\"Faster.cz\",\"description\":\"...\",\"potentialAction\":[{\"@type\":\"SearchAction\",\"target\":{\"@type\":\"EntryPoint\",\"urlTemplate\":\"https:\\\/\\\/www.faster.cz\\\/?s={search_term_string}\"},\"query-input\":{\"@type\":\"PropertyValueSpecification\",\"valueRequired\":true,\"valueName\":\"search_term_string\"}}],\"inLanguage\":\"en-US\"}]}<\/script>\n<!-- \/ Yoast SEO plugin. -->","yoast_head_json":{"title":"Kari\u00e9ra - Faster.cz","description":"Pracujte ve Faster CZ. Prohl\u00e9dn\u011bte fotky a ud\u011blejte si p\u0159edstavu o benefitech. Popisujeme zde proces v\u00fdb\u011bru a p\u0159ibli\u017eujeme technologie.","robots":{"index":"index","follow":"follow","max-snippet":"max-snippet:-1","max-image-preview":"max-image-preview:large","max-video-preview":"max-video-preview:-1"},"canonical":"https:\/\/www.faster.cz\/en\/kariera\/","og_locale":"en_US","og_type":"article","og_title":"Kari\u00e9ra - Faster.cz","og_description":"Pracujte ve Faster CZ. Prohl\u00e9dn\u011bte fotky a ud\u011blejte si p\u0159edstavu o benefitech. Popisujeme zde proces v\u00fdb\u011bru a p\u0159ibli\u017eujeme technologie.","og_url":"https:\/\/www.faster.cz\/en\/kariera\/","og_site_name":"Faster.cz","article_publisher":"https:\/\/www.facebook.com\/Fastercz\/","article_modified_time":"2026-03-10T13:48:21+00:00","og_image":[{"width":667,"height":1000,"url":"https:\/\/www.faster.cz\/wp-content\/uploads\/2024\/02\/kariera_02.jpg","type":"image\/jpeg"}],"twitter_card":"summary_large_image","twitter_site":"@Fastercz","twitter_misc":{"Est. reading time":"3 minutes"},"schema":{"@context":"https:\/\/schema.org","@graph":[{"@type":"WebPage","@id":"https:\/\/www.faster.cz\/en\/kariera\/","url":"https:\/\/www.faster.cz\/en\/kariera\/","name":"Kari\u00e9ra - Faster.cz","isPartOf":{"@id":"https:\/\/www.faster.cz\/#website"},"primaryImageOfPage":{"@id":"https:\/\/www.faster.cz\/en\/kariera\/#primaryimage"},"image":{"@id":"https:\/\/www.faster.cz\/en\/kariera\/#primaryimage"},"thumbnailUrl":"https:\/\/www.faster.cz\/wp-content\/uploads\/2024\/02\/kariera_02-667x800.jpg","datePublished":"2023-10-02T17:03:27+00:00","dateModified":"2026-03-10T13:48:21+00:00","description":"Pracujte ve Faster CZ. Prohl\u00e9dn\u011bte fotky a ud\u011blejte si p\u0159edstavu o benefitech. Popisujeme zde proces v\u00fdb\u011bru a p\u0159ibli\u017eujeme technologie.","inLanguage":"en-US","potentialAction":[{"@type":"ReadAction","target":["https:\/\/www.faster.cz\/en\/kariera\/"]}]},{"@type":"ImageObject","inLanguage":"en-US","@id":"https:\/\/www.faster.cz\/en\/kariera\/#primaryimage","url":"https:\/\/www.faster.cz\/wp-content\/uploads\/2024\/02\/kariera_02-667x800.jpg","contentUrl":"https:\/\/www.faster.cz\/wp-content\/uploads\/2024\/02\/kariera_02-667x800.jpg"},{"@type":"WebSite","@id":"https:\/\/www.faster.cz\/#website","url":"https:\/\/www.faster.cz\/","name":"Faster.cz","description":"...","potentialAction":[{"@type":"SearchAction","target":{"@type":"EntryPoint","urlTemplate":"https:\/\/www.faster.cz\/?s={search_term_string}"},"query-input":{"@type":"PropertyValueSpecification","valueRequired":true,"valueName":"search_term_string"}}],"inLanguage":"en-US"}]}},"_links":{"self":[{"href":"https:\/\/www.faster.cz\/en\/wp-json\/wp\/v2\/pages\/6688","targetHints":{"allow":["GET"]}}],"collection":[{"href":"https:\/\/www.faster.cz\/en\/wp-json\/wp\/v2\/pages"}],"about":[{"href":"https:\/\/www.faster.cz\/en\/wp-json\/wp\/v2\/types\/page"}],"author":[{"embeddable":true,"href":"https:\/\/www.faster.cz\/en\/wp-json\/wp\/v2\/users\/1"}],"replies":[{"embeddable":true,"href":"https:\/\/www.faster.cz\/en\/wp-json\/wp\/v2\/comments?post=6688"}],"version-history":[{"count":17,"href":"https:\/\/www.faster.cz\/en\/wp-json\/wp\/v2\/pages\/6688\/revisions"}],"predecessor-version":[{"id":9086,"href":"https:\/\/www.faster.cz\/en\/wp-json\/wp\/v2\/pages\/6688\/revisions\/9086"}],"wp:attachment":[{"href":"https:\/\/www.faster.cz\/en\/wp-json\/wp\/v2\/media?parent=6688"}],"curies":[{"name":"wp","href":"https:\/\/api.w.org\/{rel}","templated":true}]}}